{"id":1515,"date":"2026-02-05T13:51:16","date_gmt":"2026-02-05T12:51:16","guid":{"rendered":"https:\/\/marbellaclubprive.es\/datenschutzerklaerung\/"},"modified":"2026-02-11T18:21:59","modified_gmt":"2026-02-11T17:21:59","slug":"datenschutzerklaerung","status":"publish","type":"page","link":"https:\/\/marbellaclubprive.es\/de\/datenschutzerklaerung\/","title":{"rendered":"Datenschutzerkl\u00e4rung"},"content":{"rendered":"\t\t<div data-elementor-type=\"wp-page\" data-elementor-id=\"1515\" class=\"elementor elementor-1515 elementor-1026\" data-elementor-post-type=\"page\">\n\t\t\t\t<div class=\"elementor-element elementor-element-808fca4 e-flex e-con-boxed e-con e-parent\" data-id=\"808fca4\" data-element_type=\"container\" data-settings=\"{&quot;background_background&quot;:&quot;classic&quot;}\">\n\t\t\t\t\t<div class=\"e-con-inner\">\n\t\t\t\t<div class=\"elementor-element elementor-element-a0b659f elementor-widget elementor-widget-heading\" data-id=\"a0b659f\" data-element_type=\"widget\" data-widget_type=\"heading.default\">\n\t\t\t\t\t<h2 class=\"elementor-heading-title elementor-size-default\">Datenschutzerkl\u00e4rung<\/h2>\t\t\t\t<\/div>\n\t\t\t\t<div class=\"elementor-element elementor-element-c102264 elementor-widget elementor-widget-html\" data-id=\"c102264\" data-element_type=\"widget\" data-widget_type=\"html.default\">\n\t\t\t\t\t\n<!-- Legal document generated by Complianz | GDPR\/CCPA Cookie Consent https:\/\/wordpress.org\/plugins\/complianz-gdpr -->\n<div id=\"cmplz-document\" class=\"cmplz-document privacy-statement cmplz-document-eu\"><p><i>Diese Datenschutzerkl\u00e4rung wurde zuletzt am 10\/02\/2026 aktualisiert und gilt f\u00fcr B\u00fcrger und Personen mit st\u00e4ndigem Wohnsitz im Europ\u00e4ischen Wirtschaftsraum und der Schweiz.<\/i><br \/><br \/><\/p><p><p>In dieser Datenschutzerkl\u00e4rung erkl\u00e4ren wir, wie wir mit den Daten umgehen, die wir \u00fcber <a href=\"https:\/\/marbellaclubprive.es\/de\/\">https:\/\/marbellaclubprive.es\/de\/<\/a> von Ihnen erhalten. Wir empfehlen Ihnen, diese Erkl\u00e4rung sorgf\u00e4ltig zu lesen. Bei unserer Verarbeitung beachten wir die datenschutzrechtlichen Bestimmungen. Das bedeutet unter anderem, dass:<\/p><ul>\n                <li>wir geben deutlich an, zu welchen Zwecken wir personenbezogene Daten verarbeiten. Wir tun dies mit Hilfe dieser Datenschutzerkl\u00e4rung;<\/li>\n                <li>wir sind bestrebt, unsere Erhebung personenbezogener Daten nur auf die zu legitimen Zwecken erforderlichen personenbezogenen Daten zu beschr\u00e4nken;<\/li>\n                <li>in F\u00e4llen, in denen Ihre Zustimmung erforderlich ist, bitten wir Sie zun\u00e4chst um Ihre ausdr\u00fcckliche Zustimmung zur Verarbeitung Ihrer personenbezogenen Daten;<\/li>\n                <li>wir ergreifen geeignete Sicherheitsma\u00dfnahmen, um Ihre pers\u00f6nlichen Daten zu sch\u00fctzen und fordern dies auch von den Parteien an, die pers\u00f6nliche Daten in unserem Namen verarbeiten;<\/li>\n                <li>wir respektieren Ihr Recht, auf Ihre pers\u00f6nlichen Daten zuzugreifen oder sie auf Ihre Aufforderung hin berichtigen oder l\u00f6schen zu lassen.<\/li>\n            <\/ul><p>Wenn Sie Fragen haben oder genau wissen m\u00f6chten, welche Daten wir von Ihnen aufbewahren, kontaktieren Sie uns bitte.<\/p><\/p><h2>1. Zweck, Daten und Aufbewahrungsdauer<\/h2>Wir k\u00f6nnen personenbezogene Daten f\u00fcr eine Reihe von Zwecken im Zusammenhang mit unserem Gesch\u00e4ftsbetrieb erfassen oder erhalten, zu denen die folgenden geh\u00f6ren k\u00f6nnen: (zum Erweitern anklicken)<details class=\"cmplz-dropdown dropdown-privacy-statement\"><summary><div><h3>1.1 Kontakt - z. B. \u00fcber Telefon, Postanschrift, E-Mail und \/ oder Webformulare<\/h3><\/div><\/summary><p class=\"cmplz-subtitle\">Zu diesem Zweck verwenden wir folgende Daten:<\/p><p><ul><li>Ein Vor- und Nachname<\/li><li>E-Mail-Adresse<\/li><li>Eine Telefonnummer<\/li><\/ul><\/p><p class=\"cmplz-subtitle\">Die Basis, auf der wir diese Daten verarbeiten k\u00f6nnen, ist:<\/p><p><a target=\"_blank\" rel=\"noopener noreferrer nofollow\" href=\"https:\/\/cookiedatabase.org\/legal-bases\/#consent\">Nach Erteilung der Zustimmung.<\/a><\/p><p class=\"cmplz-subtitle\">Aufbewahrungszeitraum<\/p><p>Wir bewahren diese Daten bis zur Beendigung des Dienstes auf.<\/p><\/details><details class=\"cmplz-dropdown dropdown-privacy-statement\"><summary><div><h3>1.2 Zahlungen<\/h3><\/div><\/summary><p class=\"cmplz-subtitle\">Zu diesem Zweck verwenden wir folgende Daten:<\/p><p><ul><li>Ein Vor- und Nachname<\/li><li>E-Mail-Adresse<\/li><li>Eine Telefonnummer<\/li><\/ul><\/p><p class=\"cmplz-subtitle\">Die Basis, auf der wir diese Daten verarbeiten k\u00f6nnen, ist:<\/p><p><a target=\"_blank\" rel=\"noopener noreferrer nofollow\" href=\"https:\/\/cookiedatabase.org\/legal-bases\/#consent\">Nach Erteilung der Zustimmung.<\/a><\/p><p class=\"cmplz-subtitle\">Aufbewahrungszeitraum<\/p><p>Wir bewahren diese Daten bis zur Beendigung des Dienstes auf.<\/p><\/details><details class=\"cmplz-dropdown dropdown-privacy-statement\"><summary><div><h3>1.3 Registrieren eines Kontos<\/h3><\/div><\/summary><p class=\"cmplz-subtitle\">Zu diesem Zweck verwenden wir folgende Daten:<\/p><p><ul><li>Ein Vor- und Nachname<\/li><li>E-Mail-Adresse<\/li><li>Eine Telefonnummer<\/li><\/ul><\/p><p class=\"cmplz-subtitle\">Die Basis, auf der wir diese Daten verarbeiten k\u00f6nnen, ist:<\/p><p><a target=\"_blank\" rel=\"noopener noreferrer nofollow\" href=\"https:\/\/cookiedatabase.org\/legal-bases\/#consent\">Nach Erteilung der Zustimmung.<\/a><\/p><p class=\"cmplz-subtitle\">Aufbewahrungszeitraum<\/p><p>Wir bewahren diese Daten bis zur Beendigung des Dienstes auf.<\/p><\/details><details class=\"cmplz-dropdown dropdown-privacy-statement\"><summary><div><h3>1.4 Unterst\u00fctzung f\u00fcr Dienstleistungen oder Produkte, die ein Kunde kaufen m\u00f6chte oder gekauft hat<\/h3><\/div><\/summary><p class=\"cmplz-subtitle\">Zu diesem Zweck verwenden wir folgende Daten:<\/p><p><ul><li>Ein Vor- und Nachname<\/li><li>E-Mail-Adresse<\/li><li>Eine Telefonnummer<\/li><\/ul><\/p><p class=\"cmplz-subtitle\">Die Basis, auf der wir diese Daten verarbeiten k\u00f6nnen, ist:<\/p><p><a target=\"_blank\" rel=\"noopener noreferrer nofollow\" href=\"https:\/\/cookiedatabase.org\/legal-bases\/#consent\">Nach Erteilung der Zustimmung.<\/a><\/p><p class=\"cmplz-subtitle\">Aufbewahrungszeitraum<\/p><p>Wir bewahren diese Daten bis zur Beendigung des Dienstes auf.<\/p><\/details><h2>2. Cookies<\/h2><p>Unsere Website verwendet Cookies. Weitere Informationen zu Cookies finden Sie in unserer <a href=\"https:\/\/marbellaclubprive.es\/de\/cookie-richtlinie\/\">Cookie-Richtlinie<\/a>.&nbsp;<\/p><h2>3. Offenlegungspraktiken<\/h2><p><p>Wir legen personenbezogene Daten offen, wenn wir gesetzlich oder per Gerichtsbeschluss dazu verpflichtet sind, z. B. auf Anforderung einer Strafverfolgungsbeh\u00f6rde, soweit dies im Rahmen der gesetzlichen Bestimmungen zul\u00e4ssig ist, um Ausk\u00fcnfte zu erteilen, oder f\u00fcr eine Untersuchung in einer Angelegenheit, die die \u00f6ffentliche Sicherheit betrifft.<\/p><p>Wenn unsere Website oder unser Unternehmen im Rahmen einer Fusion oder \u00dcbernahme \u00fcbernommen oder verkauft wird, k\u00f6nnen Ihre Daten unseren Beratern und potenziellen K\u00e4ufern offengelegt und an die neuen Eigent\u00fcmer \u00fcbermittelt werden.<\/p><\/p><p>Wir haben eine Datenverarbeitungsvereinbarung mit Google geschlossen.<\/p><p>Google darf die Daten nicht f\u00fcr andere Google-Dienste verwenden.<\/p><p>Die Angabe vollst\u00e4ndiger IP-Adressen wird von uns gesperrt.<\/p><h2>4. Sicherheit<\/h2><p>Wir verpflichten uns zur Sicherheit personenbezogener Daten. Wir ergreifen geeignete Sicherheitsma\u00dfnahmen, um den Missbrauch und den unbefugten Zugriff auf personenbezogene Daten zu begrenzen. Dies stellt sicher, dass nur die erforderlichen Personen Zugriff auf Ihre Daten haben, dass der Zugriff auf die Daten gesch\u00fctzt ist und dass unsere Sicherheitsma\u00dfnahmen regelm\u00e4\u00dfig \u00fcberpr\u00fcft werden.<\/p><h2>5. Websites von Drittanbietern<\/h2><p>Diese Datenschutzerkl\u00e4rung gilt nicht f\u00fcr Websites Dritter, die durch Links auf unserer Website verbunden sind. Wir k\u00f6nnen nicht garantieren, dass diese Dritten Ihre personenbezogenen Daten auf zuverl\u00e4ssige oder sichere Weise behandeln. Wir empfehlen Ihnen, die Datenschutzerkl\u00e4rungen dieser Websites zu lesen, bevor Sie diese Websites nutzen.<\/p><h2>6. \u00c4nderungen dieser Datenschutzerkl\u00e4rung<\/h2><p>Wir behalten uns das Recht vor, \u00c4nderungen an dieser Datenschutzerkl\u00e4rung vorzunehmen. Es wird empfohlen, diese Datenschutzerkl\u00e4rung regelm\u00e4\u00dfig zu lesen, um \u00fcber \u00c4nderungen informiert zu sein. Dar\u00fcber hinaus werden wir Sie nach M\u00f6glichkeit aktiv informieren.<\/p><h2>7. Zugriff auf und \u00c4nderung Ihrer Daten<\/h2><p>Wenn Sie Fragen haben oder wissen m\u00f6chten, welche personenbezogenen Daten wir \u00fcber Sie haben, wenden Sie sich bitte an uns. Sie k\u00f6nnen uns unter Verwendung der folgenden Informationen kontaktieren. Sie haben folgende Rechte:<\/p><ul>\n                <li>Sie haben das Recht zu erfahren, warum Ihre personenbezogenen Daten ben\u00f6tigt werden, was damit passiert und wie lange sie aufbewahrt werden.<\/li>\n                <li>Auskunftsrecht: Sie haben das Recht, auf Ihre uns bekannten personenbezogenen Daten zuzugreifen.<\/li>\n                <li>Recht auf Berichtigung: Sie haben jederzeit das Recht, Ihre personenbezogenen Daten zu erg\u00e4nzen, zu berichtigen, zu l\u00f6schen oder zu sperren.<\/li>\n                <li>Wenn Sie uns Ihre Einwilligung zur Verarbeitung Ihrer Daten erteilen, haben Sie das Recht, diese Einwilligung zu widerrufen und Ihre personenbezogenen Daten l\u00f6schen zu lassen.<\/li>\n                <li>Recht zur \u00dcbermittlung Ihrer Daten: Sie haben das Recht, alle Ihre personenbezogenen Daten vom f\u00fcr die Verarbeitung Verantwortlichen anzufordern und vollst\u00e4ndig an einen anderen f\u00fcr die Verarbeitung Verantwortlichen zu \u00fcbermitteln.<\/li>\n                <li>Widerspruchsrecht: Sie k\u00f6nnen der Verarbeitung Ihrer Daten widersprechen. Wir halten uns daran, es sei denn, es liegen berechtigte Gr\u00fcnde f\u00fcr die Bearbeitung vor.<\/li>\n            <\/ul><p>Bitte geben Sie immer deutlich an, wer Sie sind, damit wir sicher sein k\u00f6nnen, dass wir keine Daten der falschen Person \u00e4ndern oder l\u00f6schen.<\/p><h2>8. Einreichen einer Beschwerde<\/h2><p>Wenn Sie mit der Art und Weise, wie wir mit der Verarbeitung Ihrer personenbezogenen Daten umgehen, nicht zufrieden sind, haben Sie das Recht, eine Beschwerde bei der Datenschutzbeh\u00f6rde einzureichen.<\/p><h2>9. Kontaktdetails<\/h2><p>DECOTRADING NV<br \/>\n         Papekamp 11<br \/>\n 3930 Hamont-Achel<br \/>\n<br \/>\n        Belgien<br \/>\n        Website: <a href=\"https:\/\/marbellaclubprive.es\/de\/\">https:\/\/marbellaclubprive.es\/de\/<\/a> <br \/>\n        E-Mail: <span class=\"cmplz-obfuscate\">&#105;&#110;f&#111;@<span class=\"cmplz-fmail-domain\">&#101;x&#046;com<\/span>mar&#098;ell&#097;clu&#098;p&#114;i&#118;&#101;&#046;&#101;&#115;<\/span> <br \/>\n        Phone number: +34602541911<\/p><h2>10. Datenanfragen<\/h2><p>F\u00fcr die am h\u00e4ufigsten gestellten Anfragen bieten wir Ihnen auch die M\u00f6glichkeit, unser Datenanfrageformular zu verwenden<br \/>\t\t\t<div class=\"cmplz-datarequest cmplz-alert\">\n\t\t\t\t<span class=\"cmplz-close\">&times;<\/span>\n\t\t\t\t<span id=\"cmplz-message\"><\/span>\n\t\t\t<\/div>\n\t\t\t<form id=\"cmplz-datarequest-form\">\n\t\t\t\t<input type=\"hidden\" required value=\"eu\" name=\"cmplz_datarequest_region\" id=\"cmplz_datarequest_region\">\n\n\t\t\t\t<label for=\"cmplz_datarequest_firstname\" class=\"cmplz-first-name\">Name\t\t\t\t\t<input type=\"search\" class=\"datarequest-firstname\" value=\"\" placeholder=\"your first name\" id=\"cmplz_datarequest_firstname\" name=\"cmplz_datarequest_firstname\">\n\t\t\t\t<\/label>\n\t\t\t\t<div>\n\t\t\t\t\t<label for=\"cmplz_datarequest_name\">Name<\/label>\n\t\t\t\t\t<input type=\"text\" required value=\"\" placeholder=\"Ihr Name\" id=\"cmplz_datarequest_name\" name=\"cmplz_datarequest_name\">\n\t\t\t\t<\/div>\n\t\t\t\t<div>\n\t\t\t\t\t<label for=\"cmplz_datarequest_email\">E-Mail<\/label>\n\t\t\t\t\t<input type=\"email\" required value=\"\" placeholder=\"email@email.com\" id=\"cmplz_datarequest_email\" name=\"cmplz_datarequest_email\">\n\t\t\t\t<\/div>\n\t\t\t\t\t\t\t\t\t\t<div class=\"cmplz_datarequest cmplz_datarequest_request_for_access\">\n\t\t\t\t\t\t\t<label for=\"cmplz_datarequest_request_for_access\">\n\t\t\t\t\t\t\t\t<input type=\"checkbox\" value=\"1\" name=\"cmplz_datarequest_request_for_access\" id=\"cmplz_datarequest_request_for_access\" \/>\n\t\t\t\t\t\t\t\tStellen Sie eine Anfrage auf Zugang zu den Daten, die wir \u00fcber Sie verarbeiten.\t\t\t\t\t\t\t<\/label>\n\t\t\t\t\t\t<\/div>\n\t\t\t\t\t\t\t\t\t\t<div class=\"cmplz_datarequest cmplz_datarequest_right_to_be_forgotten\">\n\t\t\t\t\t\t\t<label for=\"cmplz_datarequest_right_to_be_forgotten\">\n\t\t\t\t\t\t\t\t<input type=\"checkbox\" value=\"1\" name=\"cmplz_datarequest_right_to_be_forgotten\" id=\"cmplz_datarequest_right_to_be_forgotten\" \/>\n\t\t\t\t\t\t\t\tStellen Sie eine Anfrage zur L\u00f6schung der Daten, wenn diese nicht mehr relevant sind.\t\t\t\t\t\t\t<\/label>\n\t\t\t\t\t\t<\/div>\n\t\t\t\t\t\t\t\t\t\t<div class=\"cmplz_datarequest cmplz_datarequest_right_to_data_portability\">\n\t\t\t\t\t\t\t<label for=\"cmplz_datarequest_right_to_data_portability\">\n\t\t\t\t\t\t\t\t<input type=\"checkbox\" value=\"1\" name=\"cmplz_datarequest_right_to_data_portability\" id=\"cmplz_datarequest_right_to_data_portability\" \/>\n\t\t\t\t\t\t\t\tStellen Sie eine Anfrage, um eine Exportdatei der Daten zu erhalten, die wir \u00fcber Sie verarbeiten.\t\t\t\t\t\t\t<\/label>\n\t\t\t\t\t\t<\/div>\n\t\t\t\t\t\t\t\t<input type=\"button\" id=\"cmplz-datarequest-submit\" value=\"Senden\">\n\t\t\t<\/form>\n\n\t\t\t<style>\n\t\t\t\t\/* first-name is honeypot *\/\n\t\t\t\t.cmplz-first-name {\n\t\t\t\t\tposition: absolute !important;\n\t\t\t\t\tleft: -5000px !important;\n\t\t\t\t}\n\t\t\t<\/style>\n\t\t\t<\/p><h2>Anhang<\/h2><p><h2>WooCommerce<\/h2><p>This sample language includes the basics around what personal data your store may be collecting, storing and sharing, as well as who may have access to that data. Depending on what settings are enabled and which additional plugins are used, the specific information shared by your store will vary. We recommend consulting with a lawyer when deciding what information to disclose on your privacy policy.<\/p><p>We collect information about you during the checkout process on our store.<\/p><h2>What we collect and store<\/h2><p>While you visit our site, we\u2019ll track:<\/p><ul><li>Products you\u2019ve viewed: we\u2019ll use this to, for example, show you products you\u2019ve recently viewed<\/li><li>Location, IP address and browser type: we\u2019ll use this for purposes like estimating taxes and shipping<\/li><li>Shipping address: we\u2019ll ask you to enter this so we can, for instance, estimate shipping before you place an order, and send you the order!<\/li><\/ul><p>We\u2019ll also use cookies to keep track of cart contents while you\u2019re browsing our site.<\/p><p>Note: you may want to further detail your cookie policy, and link to that section from here.<\/p><p>When you purchase from us, we\u2019ll ask you to provide information including your name, billing address, shipping address, email address, phone number, credit card\/payment details and optional account information like username and password. We\u2019ll use this information for purposes, such as, to:<\/p><ul><li>Send you information about your account and order<\/li><li>Respond to your requests, including refunds and complaints<\/li><li>Process payments and prevent fraud<\/li><li>Set up your account for our store<\/li><li>Comply with any legal obligations we have, such as calculating taxes<\/li><li>Improve our store offerings<\/li><li>Send you marketing messages, if you choose to receive them<\/li><\/ul><p>If you create an account, we will store your name, address, email and phone number, which will be used to populate the checkout for future orders.<\/p><p>We generally store information about you for as long as we need the information for the purposes for which we collect and use it, and we are not legally required to continue to keep it. For example, we will store order information for XXX years for tax and accounting purposes. This includes your name, email address and billing and shipping addresses.<\/p><p>We will also store comments or reviews, if you choose to leave them.<\/p><h2>Who on our team has access<\/h2><p>Members of our team have access to the information you provide us. For example, both Administrators and Shop Managers can access:<\/p><ul><li>Order information like what was purchased, when it was purchased and where it should be sent, and<\/li><li>Customer information like your name, email address, and billing and shipping information.<\/li><\/ul><p>Our team members have access to this information to help fulfill orders, process refunds and support you.<\/p><h2>What we share with others<\/h2><p>In this section you should list who you\u2019re sharing data with, and for what purpose. This could include, but may not be limited to, analytics, marketing, payment gateways, shipping providers, and third party embeds.<\/p><p>We share information with third parties who help us provide our orders and store services to you; for example --<\/p><h3>Payments<\/h3><p>In this subsection you should list which third party payment processors you\u2019re using to take payments on your store since these may handle customer data. We\u2019ve included PayPal as an example, but you should remove this if you\u2019re not using PayPal.<\/p><p>We accept payments through PayPal. When processing payments, some of your data will be passed to PayPal, including information required to process or support the payment, such as the purchase total and billing information.<\/p><p>Please see the <a href=\"https:\/\/www.paypal.com\/us\/webapps\/mpp\/ua\/privacy-full\" target=\"_blank\" rel=\"noopener\">PayPal Privacy Policy<\/a> for more details.<\/p><h2>Complianz | The Privacy Suite for WordPress<\/h2><p>This website uses the Privacy Suite for WordPress by Complianz to collect and record Browser and Device-based Consent. For this functionality, your IP address is anonymized and stored in our database.&nbsp;This service does not process any personally identifiable information and does not share any data with the service provider.&nbsp;For more information, see the Complianz <a href=\"https:\/\/complianz.io\/legal\/privacy-statement\/\" target=\"_blank\" rel=\"noopener\">Privacy Statement<\/a>.<\/p><h2>Stripe<\/h2><p>By using this extension, you may be storing personal data or sharing data with an external service. <a href=\"https:\/\/woocommerce.com\/document\/privacy-payments\/#how-payment-providers-use-data\" target=\"_blank\" rel=\"noopener\">Learn more about how this works, including what you may want to include in your privacy policy<\/a>.<\/p><\/p><\/div>\t\t\t\t<\/div>\n\t\t\t\t\t<\/div>\n\t\t\t\t<\/div>\n\t\t\t\t<\/div>\n\t\t","protected":false},"excerpt":{"rendered":"","protected":false},"author":1,"featured_media":0,"parent":0,"menu_order":0,"comment_status":"closed","ping_status":"closed","template":"elementor_header_footer","meta":{"footnotes":""},"class_list":["post-1515","page","type-page","status-publish","hentry"],"_links":{"self":[{"href":"https:\/\/marbellaclubprive.es\/de\/wp-json\/wp\/v2\/pages\/1515","targetHints":{"allow":["GET"]}}],"collection":[{"href":"https:\/\/marbellaclubprive.es\/de\/wp-json\/wp\/v2\/pages"}],"about":[{"href":"https:\/\/marbellaclubprive.es\/de\/wp-json\/wp\/v2\/types\/page"}],"author":[{"embeddable":true,"href":"https:\/\/marbellaclubprive.es\/de\/wp-json\/wp\/v2\/users\/1"}],"replies":[{"embeddable":true,"href":"https:\/\/marbellaclubprive.es\/de\/wp-json\/wp\/v2\/comments?post=1515"}],"version-history":[{"count":1,"href":"https:\/\/marbellaclubprive.es\/de\/wp-json\/wp\/v2\/pages\/1515\/revisions"}],"predecessor-version":[{"id":1516,"href":"https:\/\/marbellaclubprive.es\/de\/wp-json\/wp\/v2\/pages\/1515\/revisions\/1516"}],"wp:attachment":[{"href":"https:\/\/marbellaclubprive.es\/de\/wp-json\/wp\/v2\/media?parent=1515"}],"curies":[{"name":"wp","href":"https:\/\/api.w.org\/{rel}","templated":true}]}}